{"id":42,"date":"2022-05-23T20:05:23","date_gmt":"2022-05-23T20:05:23","guid":{"rendered":"http:\/\/coarnos.com\/?page_id=42"},"modified":"2026-02-26T13:13:34","modified_gmt":"2026-02-26T18:13:34","slug":"historia","status":"publish","type":"page","link":"https:\/\/coarnos.com\/index.php\/historia\/","title":{"rendered":"Historia"},"content":{"rendered":"\t\t<div data-elementor-type=\"wp-page\" data-elementor-id=\"42\" class=\"elementor elementor-42\">\n\t\t\t\t\t\t\t\t\t<section class=\"elementor-section elementor-top-section elementor-element elementor-element-88541b2 elementor-section-boxed elementor-section-height-default elementor-section-height-default\" data-id=\"88541b2\" data-element_type=\"section\">\n\t\t\t\t\t\t<div class=\"elementor-container elementor-column-gap-default\">\n\t\t\t\t\t<div class=\"elementor-column elementor-col-50 elementor-top-column elementor-element elementor-element-9de9751\" data-id=\"9de9751\" data-element_type=\"column\">\n\t\t\t<div class=\"elementor-widget-wrap elementor-element-populated\">\n\t\t\t\t\t\t\t\t<div class=\"elementor-element elementor-element-9c77fe2 elementor-widget elementor-widget-image\" data-id=\"9c77fe2\" data-element_type=\"widget\" data-widget_type=\"image.default\">\n\t\t\t\t<div class=\"elementor-widget-container\">\n\t\t\t<style>\/*! elementor - v3.13.1 - 09-05-2023 *\/\n.elementor-widget-image{text-align:center}.elementor-widget-image a{display:inline-block}.elementor-widget-image a img[src$=\".svg\"]{width:48px}.elementor-widget-image img{vertical-align:middle;display:inline-block}<\/style>\t\t\t\t\t\t\t\t\t\t\t\t<img loading=\"lazy\" decoding=\"async\" width=\"640\" height=\"905\" src=\"https:\/\/coarnos.com\/wp-content\/uploads\/2023\/03\/Diseno-sin-titulo-4-724x1024.png\" class=\"attachment-large size-large wp-image-264\" alt=\"\" srcset=\"https:\/\/coarnos.com\/wp-content\/uploads\/2023\/03\/Diseno-sin-titulo-4-724x1024.png 724w, https:\/\/coarnos.com\/wp-content\/uploads\/2023\/03\/Diseno-sin-titulo-4-212x300.png 212w, https:\/\/coarnos.com\/wp-content\/uploads\/2023\/03\/Diseno-sin-titulo-4-768x1086.png 768w, https:\/\/coarnos.com\/wp-content\/uploads\/2023\/03\/Diseno-sin-titulo-4-1086x1536.png 1086w, https:\/\/coarnos.com\/wp-content\/uploads\/2023\/03\/Diseno-sin-titulo-4-1448x2048.png 1448w, https:\/\/coarnos.com\/wp-content\/uploads\/2023\/03\/Diseno-sin-titulo-4.png 1587w\" sizes=\"auto, (max-width: 640px) 100vw, 640px\" \/>\t\t\t\t\t\t\t\t\t\t\t\t\t\t\t<\/div>\n\t\t\t\t<\/div>\n\t\t\t\t\t<\/div>\n\t\t<\/div>\n\t\t\t\t<div class=\"elementor-column elementor-col-50 elementor-top-column elementor-element elementor-element-aba46c5\" data-id=\"aba46c5\" data-element_type=\"column\">\n\t\t\t<div class=\"elementor-widget-wrap elementor-element-populated\">\n\t\t\t\t\t\t\t\t<div class=\"elementor-element elementor-element-80680d4 elementor-widget elementor-widget-text-editor\" data-id=\"80680d4\" data-element_type=\"widget\" data-widget_type=\"text-editor.default\">\n\t\t\t\t<div class=\"elementor-widget-container\">\n\t\t\t<style>\/*! elementor - v3.13.1 - 09-05-2023 *\/\n.elementor-widget-text-editor.elementor-drop-cap-view-stacked .elementor-drop-cap{background-color:#69727d;color:#fff}.elementor-widget-text-editor.elementor-drop-cap-view-framed .elementor-drop-cap{color:#69727d;border:3px solid;background-color:transparent}.elementor-widget-text-editor:not(.elementor-drop-cap-view-default) .elementor-drop-cap{margin-top:8px}.elementor-widget-text-editor:not(.elementor-drop-cap-view-default) .elementor-drop-cap-letter{width:1em;height:1em}.elementor-widget-text-editor .elementor-drop-cap{float:left;text-align:center;line-height:1;font-size:50px}.elementor-widget-text-editor .elementor-drop-cap-letter{display:inline-block}<\/style>\t\t\t\t<p><strong>La Corporaci\u00f3n de \u00c1rbitros de F\u00fatbol de Norte de Santander<\/strong> <strong>COARNOS<\/strong>, es una instituci\u00f3n&nbsp;de \u00e1rbitros sin \u00e1nimo de lucro, dedicada a la formaci\u00f3n de \u00e1rbitros de F\u00fatbol, F\u00fatbol Sala, F\u00fatbol Playa y a la prestaci\u00f3n del servicio de juzgamiento deportivo del f\u00fatbol a nivel&nbsp;profesional y aficionado. Fundada en la ciudad de San Jos\u00e9 de C\u00facuta, el 26 de Octubre del&nbsp;a\u00f1o 2006, mediante personer\u00eda jur\u00eddica N\u00b0 000871 otorgada por la Gobernaci\u00f3n de Norte de&nbsp;Santander.&nbsp;<span style=\"color: var( --e-global-color-text ); font-family: var( --e-global-typography-text-font-family ), Sans-serif; font-weight: var( --e-global-typography-text-font-weight );\">Sus fundadores fueron<\/span><span style=\"color: var( --e-global-color-text ); font-family: var( --e-global-typography-text-font-family ), Sans-serif; font-weight: var( --e-global-typography-text-font-weight );\">&nbsp;\u00e1rbitros&nbsp;reconocidos, que pertenec\u00edan a una instituci\u00f3n arbitral y decidieron unir sus sue\u00f1os para fundar&nbsp;un nuevo colegio.<\/span><\/p>\n<p><span style=\"color: var( --e-global-color-text ); font-family: var( --e-global-typography-text-font-family ), Sans-serif; font-weight: var( --e-global-typography-text-font-weight );\">Su primera sede administrativa en ese entonces fue en el Barrio Lleras en&nbsp;<\/span><span style=\"color: var( --e-global-color-text ); font-family: var( --e-global-typography-text-font-family ), Sans-serif; font-weight: var( --e-global-typography-text-font-weight );\">la calle 2 N\u00b0 03 &#8211; 90, iniciando con 25 \u00e1rbitros, que fueron en aumento con el pasar de los a\u00f1os. Actualmente tiene 5 sedes para un total de&nbsp;<\/span><span style=\"color: var( --e-global-color-text ); font-family: var( --e-global-typography-text-font-family ), Sans-serif; font-weight: var( --e-global-typography-text-font-weight );\">180 miembros entre \u00e1rbitros y \u00e1rbitras ubicados en C\u00facuta y el \u00e1rea metropolitana, Oca\u00f1a, Tib\u00fa, Abrego y Pamplona. En el a\u00f1o 2007 ingres\u00f3 la primera mujer que se&nbsp;<\/span><span style=\"color: var( --e-global-color-text ); font-family: var( --e-global-typography-text-font-family ), Sans-serif; font-weight: var( --e-global-typography-text-font-weight );\">form\u00f3 como \u00e1rbitra de f\u00fatbol, en el a\u00f1os 2016 ya eran 5&nbsp;<\/span><span style=\"color: var( --e-global-color-text ); font-family: var( --e-global-typography-text-font-family ), Sans-serif; font-weight: var( --e-global-typography-text-font-weight );\">\u00c1rbitras y actualmente son m\u00e1s de 15 \u00e1rbitras que dirigen en diferentes torneos.<\/span><\/p>\n<p>Desde entonces, <strong>COARNOS<\/strong> ha promocionado mucho talento arbitral iniciando en torneos&nbsp;locales y logrando un importante avance en las competiciones a nivel nacional e internacional. Nuestros \u00e1rbitros&nbsp;dirigen en la torneos de la FIFA, A, B, y C, as\u00ed como en los torneos profesionales de f\u00fatbol femenino, desde donde se promueve el amor&nbsp;por el deporte y un alto grado de profesionalismo que los distinguen.&nbsp;<span style=\"color: var( --e-global-color-text ); font-family: var( --e-global-typography-text-font-family ), Sans-serif; font-weight: var( --e-global-typography-text-font-weight );\">Para la Corporaci\u00f3n es satisfactoria la aceptaci\u00f3n que se tiene en los diferentes eventos deportivos, <\/span><span style=\"color: var( --e-global-color-text ); font-family: var( --e-global-typography-text-font-family ), Sans-serif; font-weight: var( --e-global-typography-text-font-weight );\">es una gran motivaci\u00f3n para seguir afianzando los procesos de formaci\u00f3n y contribuir&nbsp;<\/span><span style=\"color: var( --e-global-color-text ); font-family: var( --e-global-typography-text-font-family ), Sans-serif; font-weight: var( --e-global-typography-text-font-weight );\">para que nuestro departamento sea reconocido como cuna de \u00c1rbitros altamente calificados.<\/span><\/p>\t\t\t\t\t\t<\/div>\n\t\t\t\t<\/div>\n\t\t\t\t\t<\/div>\n\t\t<\/div>\n\t\t\t\t\t\t\t<\/div>\n\t\t<\/section>\n\t\t\t\t<section class=\"elementor-section elementor-top-section elementor-element elementor-element-db07e5d elementor-section-boxed elementor-section-height-default elementor-section-height-default\" data-id=\"db07e5d\" data-element_type=\"section\">\n\t\t\t\t\t\t<div class=\"elementor-container elementor-column-gap-default\">\n\t\t\t\t\t<div class=\"elementor-column elementor-col-100 elementor-top-column elementor-element elementor-element-99f9ef1\" data-id=\"99f9ef1\" data-element_type=\"column\">\n\t\t\t<div class=\"elementor-widget-wrap elementor-element-populated\">\n\t\t\t\t\t\t\t\t<div class=\"elementor-element elementor-element-1efd854 elementor-widget elementor-widget-image\" data-id=\"1efd854\" data-element_type=\"widget\" data-widget_type=\"image.default\">\n\t\t\t\t<div class=\"elementor-widget-container\">\n\t\t\t\t\t\t\t\t\t\t\t\t\t\t\t<img loading=\"lazy\" decoding=\"async\" width=\"2560\" height=\"1536\" src=\"https:\/\/coarnos.com\/wp-content\/uploads\/2026\/02\/PRESENTACION-2025-scaled.jpg\" class=\"attachment-full size-full wp-image-814\" alt=\"\" srcset=\"https:\/\/coarnos.com\/wp-content\/uploads\/2026\/02\/PRESENTACION-2025-scaled.jpg 2560w, https:\/\/coarnos.com\/wp-content\/uploads\/2026\/02\/PRESENTACION-2025-300x180.jpg 300w, https:\/\/coarnos.com\/wp-content\/uploads\/2026\/02\/PRESENTACION-2025-1024x614.jpg 1024w, https:\/\/coarnos.com\/wp-content\/uploads\/2026\/02\/PRESENTACION-2025-768x461.jpg 768w, https:\/\/coarnos.com\/wp-content\/uploads\/2026\/02\/PRESENTACION-2025-100x60.jpg 100w, https:\/\/coarnos.com\/wp-content\/uploads\/2026\/02\/PRESENTACION-2025-1536x921.jpg 1536w, https:\/\/coarnos.com\/wp-content\/uploads\/2026\/02\/PRESENTACION-2025-2048x1229.jpg 2048w\" sizes=\"auto, (max-width: 2560px) 100vw, 2560px\" \/>\t\t\t\t\t\t\t\t\t\t\t\t\t\t\t<\/div>\n\t\t\t\t<\/div>\n\t\t\t\t\t<\/div>\n\t\t<\/div>\n\t\t\t\t\t\t\t<\/div>\n\t\t<\/section>\n\t\t\t\t<section class=\"elementor-section elementor-top-section elementor-element elementor-element-92afb6b elementor-section-boxed elementor-section-height-default elementor-section-height-default\" data-id=\"92afb6b\" data-element_type=\"section\">\n\t\t\t\t\t\t<div class=\"elementor-container elementor-column-gap-default\">\n\t\t\t\t\t<div class=\"elementor-column elementor-col-100 elementor-top-column elementor-element elementor-element-cbb6122\" data-id=\"cbb6122\" data-element_type=\"column\">\n\t\t\t<div class=\"elementor-widget-wrap\">\n\t\t\t\t\t\t\t\t\t<\/div>\n\t\t<\/div>\n\t\t\t\t\t\t\t<\/div>\n\t\t<\/section>\n\t\t\t\t\t\t\t<\/div>\n\t\t","protected":false},"excerpt":{"rendered":"<p>La Corporaci\u00f3n de \u00c1rbitros de F\u00fatbol de Norte de Santander COARNOS, es una instituci\u00f3n&nbsp;de \u00e1rbitros sin \u00e1nimo de lucro, dedicada&hellip;<\/p>\n","protected":false},"author":1,"featured_media":0,"parent":0,"menu_order":0,"comment_status":"closed","ping_status":"closed","template":"","meta":{"om_disable_all_campaigns":false,"_mi_skip_tracking":false,"footnotes":"","_expiration-date-status":"","_expiration-date":0,"_expiration-date-type":"","_expiration-date-categories":[],"_expiration-date-options":[]},"class_list":["post-42","page","type-page","status-publish","hentry"],"aioseo_notices":[],"_links":{"self":[{"href":"https:\/\/coarnos.com\/index.php\/wp-json\/wp\/v2\/pages\/42","targetHints":{"allow":["GET"]}}],"collection":[{"href":"https:\/\/coarnos.com\/index.php\/wp-json\/wp\/v2\/pages"}],"about":[{"href":"https:\/\/coarnos.com\/index.php\/wp-json\/wp\/v2\/types\/page"}],"author":[{"embeddable":true,"href":"https:\/\/coarnos.com\/index.php\/wp-json\/wp\/v2\/users\/1"}],"replies":[{"embeddable":true,"href":"https:\/\/coarnos.com\/index.php\/wp-json\/wp\/v2\/comments?post=42"}],"version-history":[{"count":16,"href":"https:\/\/coarnos.com\/index.php\/wp-json\/wp\/v2\/pages\/42\/revisions"}],"predecessor-version":[{"id":818,"href":"https:\/\/coarnos.com\/index.php\/wp-json\/wp\/v2\/pages\/42\/revisions\/818"}],"wp:attachment":[{"href":"https:\/\/coarnos.com\/index.php\/wp-json\/wp\/v2\/media?parent=42"}],"curies":[{"name":"wp","href":"https:\/\/api.w.org\/{rel}","templated":true}]}}