{"id":47,"date":"2022-05-23T20:11:44","date_gmt":"2022-05-23T20:11:44","guid":{"rendered":"http:\/\/coarnos.com\/?page_id=47"},"modified":"2023-03-10T17:11:46","modified_gmt":"2023-03-10T17:11:46","slug":"que-hacemos","status":"publish","type":"page","link":"https:\/\/coarnos.com\/index.php\/que-hacemos\/","title":{"rendered":"Qu\u00e9 hacemos?"},"content":{"rendered":"\t\t<div data-elementor-type=\"wp-page\" data-elementor-id=\"47\" class=\"elementor elementor-47\">\n\t\t\t\t\t\t\t\t\t<section class=\"elementor-section elementor-top-section elementor-element elementor-element-a62d89b elementor-section-boxed elementor-section-height-default elementor-section-height-default\" data-id=\"a62d89b\" data-element_type=\"section\">\n\t\t\t\t\t\t<div class=\"elementor-container elementor-column-gap-default\">\n\t\t\t\t\t<div class=\"elementor-column elementor-col-100 elementor-top-column elementor-element elementor-element-ea509dd\" data-id=\"ea509dd\" data-element_type=\"column\">\n\t\t\t<div class=\"elementor-widget-wrap elementor-element-populated\">\n\t\t\t\t\t\t\t\t<div class=\"elementor-element elementor-element-167eb48 elementor-widget elementor-widget-heading\" data-id=\"167eb48\" data-element_type=\"widget\" data-widget_type=\"heading.default\">\n\t\t\t\t<div class=\"elementor-widget-container\">\n\t\t\t<style>\/*! elementor - v3.13.1 - 09-05-2023 *\/\n.elementor-heading-title{padding:0;margin:0;line-height:1}.elementor-widget-heading .elementor-heading-title[class*=elementor-size-]>a{color:inherit;font-size:inherit;line-height:inherit}.elementor-widget-heading .elementor-heading-title.elementor-size-small{font-size:15px}.elementor-widget-heading .elementor-heading-title.elementor-size-medium{font-size:19px}.elementor-widget-heading .elementor-heading-title.elementor-size-large{font-size:29px}.elementor-widget-heading .elementor-heading-title.elementor-size-xl{font-size:39px}.elementor-widget-heading .elementor-heading-title.elementor-size-xxl{font-size:59px}<\/style><h2 class=\"elementor-heading-title elementor-size-default\">Misi\u00f3n<\/h2>\t\t<\/div>\n\t\t\t\t<\/div>\n\t\t\t\t\t<\/div>\n\t\t<\/div>\n\t\t\t\t\t\t\t<\/div>\n\t\t<\/section>\n\t\t\t\t<section class=\"elementor-section elementor-top-section elementor-element elementor-element-ba67b90 elementor-section-boxed elementor-section-height-default elementor-section-height-default\" data-id=\"ba67b90\" data-element_type=\"section\">\n\t\t\t\t\t\t<div class=\"elementor-container elementor-column-gap-default\">\n\t\t\t\t\t<div class=\"elementor-column elementor-col-100 elementor-top-column elementor-element elementor-element-a8bfa67\" data-id=\"a8bfa67\" data-element_type=\"column\">\n\t\t\t<div class=\"elementor-widget-wrap elementor-element-populated\">\n\t\t\t\t\t\t\t\t<div class=\"elementor-element elementor-element-669d6f7 elementor-widget elementor-widget-text-editor\" data-id=\"669d6f7\" data-element_type=\"widget\" data-widget_type=\"text-editor.default\">\n\t\t\t\t<div class=\"elementor-widget-container\">\n\t\t\t<style>\/*! elementor - v3.13.1 - 09-05-2023 *\/\n.elementor-widget-text-editor.elementor-drop-cap-view-stacked .elementor-drop-cap{background-color:#69727d;color:#fff}.elementor-widget-text-editor.elementor-drop-cap-view-framed .elementor-drop-cap{color:#69727d;border:3px solid;background-color:transparent}.elementor-widget-text-editor:not(.elementor-drop-cap-view-default) .elementor-drop-cap{margin-top:8px}.elementor-widget-text-editor:not(.elementor-drop-cap-view-default) .elementor-drop-cap-letter{width:1em;height:1em}.elementor-widget-text-editor .elementor-drop-cap{float:left;text-align:center;line-height:1;font-size:50px}.elementor-widget-text-editor .elementor-drop-cap-letter{display:inline-block}<\/style>\t\t\t\t<p><span class=\"S1PPyQ\" style=\"color: rgb(55, 55, 56);\">La <\/span><span class=\"S1PPyQ\" style=\"color: rgb(55, 55, 56); font-weight: 700;\">CORPORACI\u00d3N DE \u00c1RBITROS DE F\u00daTBOL DE NORTE DE SANTANDER, \u201cCOARNOS\u201d<\/span><span class=\"S1PPyQ\" style=\"color: rgb(55, 55, 56);\"> es una entidad sin \u00e1nimo de lucro que tiene por objeto la prestaci\u00f3n de servicios arbitrales y de juzgamiento deportivo de f\u00fatbol a nivel profesional y aficionado en Colombia y en especial el departamento Norte de Santander, en cualquiera de sus ramas y categor\u00edas. Est\u00e1 encaminada al fortalecimiento de las actitudes personales representadas en valores como la honestidad, el respeto, la solidaridad, as\u00ed como el desarrollo permanente de las aptitudes deportivas que permitan a cada una de las personas que nos integran desarrollar sus potenciales a trav\u00e9s del arbitraje de f\u00fatbol, enmarcada en el acatamiento de las leyes vigentes en el pa\u00eds y el respeto de los derechos de los individuos que la organizaci\u00f3n profesa para con sus afiliados.<\/span><span class=\"S1PPyQ white-space-prewrap\" style=\"color: rgb(55, 55, 56);\"><\/span><br><\/p>\t\t\t\t\t\t<\/div>\n\t\t\t\t<\/div>\n\t\t\t\t\t<\/div>\n\t\t<\/div>\n\t\t\t\t\t\t\t<\/div>\n\t\t<\/section>\n\t\t\t\t<section class=\"elementor-section elementor-top-section elementor-element elementor-element-60e5802 elementor-section-boxed elementor-section-height-default elementor-section-height-default\" data-id=\"60e5802\" data-element_type=\"section\">\n\t\t\t\t\t\t<div class=\"elementor-container elementor-column-gap-default\">\n\t\t\t\t\t<div class=\"elementor-column elementor-col-100 elementor-top-column elementor-element elementor-element-8c04187\" data-id=\"8c04187\" data-element_type=\"column\">\n\t\t\t<div class=\"elementor-widget-wrap elementor-element-populated\">\n\t\t\t\t\t\t\t\t<div class=\"elementor-element elementor-element-5884665 elementor-widget elementor-widget-spacer\" data-id=\"5884665\" data-element_type=\"widget\" data-widget_type=\"spacer.default\">\n\t\t\t\t<div class=\"elementor-widget-container\">\n\t\t\t<style>\/*! elementor - v3.13.1 - 09-05-2023 *\/\n.elementor-column .elementor-spacer-inner{height:var(--spacer-size)}.e-con{--container-widget-width:100%}.e-con-inner>.elementor-widget-spacer,.e-con>.elementor-widget-spacer{width:var(--container-widget-width,var(--spacer-size));--align-self:var(--container-widget-align-self,initial);--flex-shrink:0}.e-con-inner>.elementor-widget-spacer>.elementor-widget-container,.e-con-inner>.elementor-widget-spacer>.elementor-widget-container>.elementor-spacer,.e-con>.elementor-widget-spacer>.elementor-widget-container,.e-con>.elementor-widget-spacer>.elementor-widget-container>.elementor-spacer{height:100%}.e-con-inner>.elementor-widget-spacer>.elementor-widget-container>.elementor-spacer>.elementor-spacer-inner,.e-con>.elementor-widget-spacer>.elementor-widget-container>.elementor-spacer>.elementor-spacer-inner{height:var(--container-widget-height,var(--spacer-size))}<\/style>\t\t<div class=\"elementor-spacer\">\n\t\t\t<div class=\"elementor-spacer-inner\"><\/div>\n\t\t<\/div>\n\t\t\t\t<\/div>\n\t\t\t\t<\/div>\n\t\t\t\t\t<\/div>\n\t\t<\/div>\n\t\t\t\t\t\t\t<\/div>\n\t\t<\/section>\n\t\t\t\t<section class=\"elementor-section elementor-top-section elementor-element elementor-element-f6ba8a2 elementor-section-boxed elementor-section-height-default elementor-section-height-default\" data-id=\"f6ba8a2\" data-element_type=\"section\">\n\t\t\t\t\t\t<div class=\"elementor-container elementor-column-gap-default\">\n\t\t\t\t\t<div class=\"elementor-column elementor-col-100 elementor-top-column elementor-element elementor-element-288472c\" data-id=\"288472c\" data-element_type=\"column\">\n\t\t\t<div class=\"elementor-widget-wrap elementor-element-populated\">\n\t\t\t\t\t\t\t\t<div class=\"elementor-element elementor-element-00285c8 elementor-widget elementor-widget-heading\" data-id=\"00285c8\" data-element_type=\"widget\" data-widget_type=\"heading.default\">\n\t\t\t\t<div class=\"elementor-widget-container\">\n\t\t\t<h2 class=\"elementor-heading-title elementor-size-default\">Visi\u00f3n<\/h2>\t\t<\/div>\n\t\t\t\t<\/div>\n\t\t\t\t\t<\/div>\n\t\t<\/div>\n\t\t\t\t\t\t\t<\/div>\n\t\t<\/section>\n\t\t\t\t<section class=\"elementor-section elementor-top-section elementor-element elementor-element-14c399e elementor-section-boxed elementor-section-height-default elementor-section-height-default\" data-id=\"14c399e\" data-element_type=\"section\">\n\t\t\t\t\t\t<div class=\"elementor-container elementor-column-gap-default\">\n\t\t\t\t\t<div class=\"elementor-column elementor-col-100 elementor-top-column elementor-element elementor-element-831e002\" data-id=\"831e002\" data-element_type=\"column\">\n\t\t\t<div class=\"elementor-widget-wrap elementor-element-populated\">\n\t\t\t\t\t\t\t\t<div class=\"elementor-element elementor-element-7812d6c elementor-widget elementor-widget-text-editor\" data-id=\"7812d6c\" data-element_type=\"widget\" data-widget_type=\"text-editor.default\">\n\t\t\t\t<div class=\"elementor-widget-container\">\n\t\t\t\t\t\t\t<p><span class=\"S1PPyQ\" style=\"color: #373738;\">La<\/span><span class=\"S1PPyQ\" style=\"color: #373738; font-weight: bold;\"> CORPORACI\u00d3N DE \u00c1RBITROS DE F\u00daTBOL DE NORTE DE SANTANDER \u201cCOARNOS\u201d <\/span><span class=\"S1PPyQ\" style=\"color: #373738;\">ser\u00e1 en el 2026 la entidad arbitral m\u00e1s importante en el departamento de Norte de Santander, y una de las m\u00e1s prestantes a nivel nacional con un panel de \u00e1rbitros profesionales tanto \u00e1rbitros centrales como \u00e1rbitros asistentes en las principales categor\u00edas del referato nacional. Adem\u00e1s de esto contar\u00e1 con una solidez administrativa y financiera \u00fanica en el departamento enfocada en la b\u00fasqueda de la acreditaci\u00f3n de la calidad en sus procesos y servicios de juzgamiento.<\/span><\/p>\t\t\t\t\t\t<\/div>\n\t\t\t\t<\/div>\n\t\t\t\t\t<\/div>\n\t\t<\/div>\n\t\t\t\t\t\t\t<\/div>\n\t\t<\/section>\n\t\t\t\t<section class=\"elementor-section elementor-top-section elementor-element elementor-element-21b2e95 elementor-section-boxed elementor-section-height-default elementor-section-height-default\" data-id=\"21b2e95\" data-element_type=\"section\">\n\t\t\t\t\t\t<div class=\"elementor-container elementor-column-gap-default\">\n\t\t\t\t\t<div class=\"elementor-column elementor-col-100 elementor-top-column elementor-element elementor-element-807306a\" data-id=\"807306a\" data-element_type=\"column\">\n\t\t\t<div class=\"elementor-widget-wrap elementor-element-populated\">\n\t\t\t\t\t\t\t\t<div class=\"elementor-element elementor-element-f04f573 elementor-widget elementor-widget-spacer\" data-id=\"f04f573\" data-element_type=\"widget\" data-widget_type=\"spacer.default\">\n\t\t\t\t<div class=\"elementor-widget-container\">\n\t\t\t\t\t<div class=\"elementor-spacer\">\n\t\t\t<div class=\"elementor-spacer-inner\"><\/div>\n\t\t<\/div>\n\t\t\t\t<\/div>\n\t\t\t\t<\/div>\n\t\t\t\t<div class=\"elementor-element elementor-element-09666d3 elementor-widget elementor-widget-heading\" data-id=\"09666d3\" data-element_type=\"widget\" data-widget_type=\"heading.default\">\n\t\t\t\t<div class=\"elementor-widget-container\">\n\t\t\t<h2 class=\"elementor-heading-title elementor-size-default\">Objetivos<\/h2>\t\t<\/div>\n\t\t\t\t<\/div>\n\t\t\t\t\t<\/div>\n\t\t<\/div>\n\t\t\t\t\t\t\t<\/div>\n\t\t<\/section>\n\t\t\t\t<section class=\"elementor-section elementor-top-section elementor-element elementor-element-07cda07 elementor-section-boxed elementor-section-height-default elementor-section-height-default\" data-id=\"07cda07\" data-element_type=\"section\">\n\t\t\t\t\t\t<div class=\"elementor-container elementor-column-gap-default\">\n\t\t\t\t\t<div class=\"elementor-column elementor-col-100 elementor-top-column elementor-element elementor-element-14f0d9b\" data-id=\"14f0d9b\" data-element_type=\"column\">\n\t\t\t<div class=\"elementor-widget-wrap elementor-element-populated\">\n\t\t\t\t\t\t\t\t<div class=\"elementor-element elementor-element-fa89855 elementor-widget elementor-widget-text-editor\" data-id=\"fa89855\" data-element_type=\"widget\" data-widget_type=\"text-editor.default\">\n\t\t\t\t<div class=\"elementor-widget-container\">\n\t\t\t\t\t\t\t<ul><li><span class=\"S1PPyQ\" style=\"color: #373738;\">Formar \u00e1rbitros integrales al servicio de la comunidad deportiva a nivel local, regional, departamental, nacional e internacional.<\/span><\/li><li><span class=\"S1PPyQ\" style=\"color: #373738;\">Preparar y apoyar a nuestro cuerpo arbitral para mantener y mejorar el posicionamiento en el escalaf\u00f3n a nivel local, nacional e internacional.<\/span><\/li><li><span class=\"S1PPyQ\" style=\"color: #373738;\">Incentivar y desarrollar un excelente clima organizacional para el fortalecimiento del trabajo en equipo e identidad corporativa.<\/span><\/li><li><span class=\"S1PPyQ\" style=\"color: #373738;\">Ampliar nuestro cuerpo arbitral en las diferentes disciplinas y categor\u00edas.<\/span><\/li><li><span class=\"S1PPyQ\" style=\"color: #373738;\">Conservar y ampliar las empresas deportivas que conf\u00edan en nuestro servicio de arbitraje.<\/span><\/li><\/ul>\t\t\t\t\t\t<\/div>\n\t\t\t\t<\/div>\n\t\t\t\t\t<\/div>\n\t\t<\/div>\n\t\t\t\t\t\t\t<\/div>\n\t\t<\/section>\n\t\t\t\t\t\t\t<\/div>\n\t\t","protected":false},"excerpt":{"rendered":"<p>Misi\u00f3n La CORPORACI\u00d3N DE \u00c1RBITROS DE F\u00daTBOL DE NORTE DE SANTANDER, \u201cCOARNOS\u201d es una entidad sin \u00e1nimo de lucro que&hellip;<\/p>\n","protected":false},"author":1,"featured_media":0,"parent":0,"menu_order":0,"comment_status":"closed","ping_status":"closed","template":"","meta":{"om_disable_all_campaigns":false,"_mi_skip_tracking":false,"footnotes":"","_expiration-date-status":"","_expiration-date":0,"_expiration-date-type":"","_expiration-date-categories":[],"_expiration-date-options":[]},"class_list":["post-47","page","type-page","status-publish","hentry"],"aioseo_notices":[],"_links":{"self":[{"href":"https:\/\/coarnos.com\/index.php\/wp-json\/wp\/v2\/pages\/47","targetHints":{"allow":["GET"]}}],"collection":[{"href":"https:\/\/coarnos.com\/index.php\/wp-json\/wp\/v2\/pages"}],"about":[{"href":"https:\/\/coarnos.com\/index.php\/wp-json\/wp\/v2\/types\/page"}],"author":[{"embeddable":true,"href":"https:\/\/coarnos.com\/index.php\/wp-json\/wp\/v2\/users\/1"}],"replies":[{"embeddable":true,"href":"https:\/\/coarnos.com\/index.php\/wp-json\/wp\/v2\/comments?post=47"}],"version-history":[{"count":7,"href":"https:\/\/coarnos.com\/index.php\/wp-json\/wp\/v2\/pages\/47\/revisions"}],"predecessor-version":[{"id":271,"href":"https:\/\/coarnos.com\/index.php\/wp-json\/wp\/v2\/pages\/47\/revisions\/271"}],"wp:attachment":[{"href":"https:\/\/coarnos.com\/index.php\/wp-json\/wp\/v2\/media?parent=47"}],"curies":[{"name":"wp","href":"https:\/\/api.w.org\/{rel}","templated":true}]}}