{"id":66,"date":"2022-05-23T20:11:44","date_gmt":"2022-05-23T20:11:44","guid":{"rendered":"http:\/\/coarnos.com\/?page_id=66"},"modified":"2026-02-13T18:47:20","modified_gmt":"2026-02-13T23:47:20","slug":"comision-de-logistica","status":"publish","type":"page","link":"https:\/\/coarnos.com\/index.php\/comision-de-logistica\/","title":{"rendered":"Comisi\u00f3n de Log\u00edstica"},"content":{"rendered":"\t\t<div data-elementor-type=\"wp-page\" data-elementor-id=\"66\" class=\"elementor elementor-66\">\n\t\t\t\t\t\t\t\t\t<section class=\"elementor-section elementor-top-section elementor-element elementor-element-2090ece elementor-section-boxed elementor-section-height-default elementor-section-height-default\" data-id=\"2090ece\" data-element_type=\"section\">\n\t\t\t\t\t\t<div class=\"elementor-container elementor-column-gap-default\">\n\t\t\t\t\t<div class=\"elementor-column elementor-col-33 elementor-top-column elementor-element elementor-element-89da99d\" data-id=\"89da99d\" data-element_type=\"column\">\n\t\t\t<div class=\"elementor-widget-wrap elementor-element-populated\">\n\t\t\t\t\t\t\t\t<div class=\"elementor-element elementor-element-b8033fb elementor-widget elementor-widget-image\" data-id=\"b8033fb\" data-element_type=\"widget\" data-widget_type=\"image.default\">\n\t\t\t\t<div class=\"elementor-widget-container\">\n\t\t\t<style>\/*! elementor - v3.13.1 - 09-05-2023 *\/\n.elementor-widget-image{text-align:center}.elementor-widget-image a{display:inline-block}.elementor-widget-image a img[src$=\".svg\"]{width:48px}.elementor-widget-image img{vertical-align:middle;display:inline-block}<\/style>\t\t\t\t\t\t\t\t\t\t\t\t<img loading=\"lazy\" decoding=\"async\" width=\"640\" height=\"640\" src=\"https:\/\/coarnos.com\/wp-content\/uploads\/2023\/03\/1-4-1024x1024.png\" class=\"attachment-large size-large wp-image-375\" alt=\"\" srcset=\"https:\/\/coarnos.com\/wp-content\/uploads\/2023\/03\/1-4-1024x1024.png 1024w, https:\/\/coarnos.com\/wp-content\/uploads\/2023\/03\/1-4-300x300.png 300w, https:\/\/coarnos.com\/wp-content\/uploads\/2023\/03\/1-4-150x150.png 150w, https:\/\/coarnos.com\/wp-content\/uploads\/2023\/03\/1-4-768x768.png 768w, https:\/\/coarnos.com\/wp-content\/uploads\/2023\/03\/1-4.png 1080w\" sizes=\"auto, (max-width: 640px) 100vw, 640px\" \/>\t\t\t\t\t\t\t\t\t\t\t\t\t\t\t<\/div>\n\t\t\t\t<\/div>\n\t\t\t\t\t<\/div>\n\t\t<\/div>\n\t\t\t\t<div class=\"elementor-column elementor-col-33 elementor-top-column elementor-element elementor-element-742678a\" data-id=\"742678a\" data-element_type=\"column\">\n\t\t\t<div class=\"elementor-widget-wrap elementor-element-populated\">\n\t\t\t\t\t\t\t\t<div class=\"elementor-element elementor-element-aae4383 elementor-widget elementor-widget-image\" data-id=\"aae4383\" data-element_type=\"widget\" data-widget_type=\"image.default\">\n\t\t\t\t<div class=\"elementor-widget-container\">\n\t\t\t\t\t\t\t\t\t\t\t\t\t\t\t<img loading=\"lazy\" decoding=\"async\" width=\"640\" height=\"640\" src=\"https:\/\/coarnos.com\/wp-content\/uploads\/2023\/03\/3-4-1024x1024.png\" class=\"attachment-large size-large wp-image-377\" alt=\"\" srcset=\"https:\/\/coarnos.com\/wp-content\/uploads\/2023\/03\/3-4-1024x1024.png 1024w, https:\/\/coarnos.com\/wp-content\/uploads\/2023\/03\/3-4-300x300.png 300w, https:\/\/coarnos.com\/wp-content\/uploads\/2023\/03\/3-4-150x150.png 150w, https:\/\/coarnos.com\/wp-content\/uploads\/2023\/03\/3-4-768x768.png 768w, https:\/\/coarnos.com\/wp-content\/uploads\/2023\/03\/3-4.png 1080w\" sizes=\"auto, (max-width: 640px) 100vw, 640px\" \/>\t\t\t\t\t\t\t\t\t\t\t\t\t\t\t<\/div>\n\t\t\t\t<\/div>\n\t\t\t\t\t<\/div>\n\t\t<\/div>\n\t\t\t\t<div class=\"elementor-column elementor-col-33 elementor-top-column elementor-element elementor-element-c2e5bb0\" data-id=\"c2e5bb0\" data-element_type=\"column\">\n\t\t\t<div class=\"elementor-widget-wrap elementor-element-populated\">\n\t\t\t\t\t\t\t\t<div class=\"elementor-element elementor-element-11a5535 elementor-widget elementor-widget-image\" data-id=\"11a5535\" data-element_type=\"widget\" data-widget_type=\"image.default\">\n\t\t\t\t<div class=\"elementor-widget-container\">\n\t\t\t\t\t\t\t\t\t\t\t\t\t\t\t<img loading=\"lazy\" decoding=\"async\" width=\"640\" height=\"640\" src=\"https:\/\/coarnos.com\/wp-content\/uploads\/2023\/03\/2-4-1024x1024.png\" class=\"attachment-large size-large wp-image-376\" alt=\"\" srcset=\"https:\/\/coarnos.com\/wp-content\/uploads\/2023\/03\/2-4-1024x1024.png 1024w, https:\/\/coarnos.com\/wp-content\/uploads\/2023\/03\/2-4-300x300.png 300w, https:\/\/coarnos.com\/wp-content\/uploads\/2023\/03\/2-4-150x150.png 150w, https:\/\/coarnos.com\/wp-content\/uploads\/2023\/03\/2-4-768x768.png 768w, https:\/\/coarnos.com\/wp-content\/uploads\/2023\/03\/2-4.png 1080w\" sizes=\"auto, (max-width: 640px) 100vw, 640px\" \/>\t\t\t\t\t\t\t\t\t\t\t\t\t\t\t<\/div>\n\t\t\t\t<\/div>\n\t\t\t\t\t<\/div>\n\t\t<\/div>\n\t\t\t\t\t\t\t<\/div>\n\t\t<\/section>\n\t\t\t\t<section class=\"elementor-section elementor-top-section elementor-element elementor-element-62fd16e elementor-section-boxed elementor-section-height-default elementor-section-height-default\" data-id=\"62fd16e\" data-element_type=\"section\">\n\t\t\t\t\t\t<div class=\"elementor-container elementor-column-gap-default\">\n\t\t\t\t\t<div class=\"elementor-column elementor-col-33 elementor-top-column elementor-element elementor-element-db49c15\" data-id=\"db49c15\" data-element_type=\"column\">\n\t\t\t<div class=\"elementor-widget-wrap elementor-element-populated\">\n\t\t\t\t\t\t\t\t<div class=\"elementor-element elementor-element-579268a elementor-widget elementor-widget-heading\" data-id=\"579268a\" data-element_type=\"widget\" data-widget_type=\"heading.default\">\n\t\t\t\t<div class=\"elementor-widget-container\">\n\t\t\t<style>\/*! elementor - v3.13.1 - 09-05-2023 *\/\n.elementor-heading-title{padding:0;margin:0;line-height:1}.elementor-widget-heading .elementor-heading-title[class*=elementor-size-]>a{color:inherit;font-size:inherit;line-height:inherit}.elementor-widget-heading .elementor-heading-title.elementor-size-small{font-size:15px}.elementor-widget-heading .elementor-heading-title.elementor-size-medium{font-size:19px}.elementor-widget-heading .elementor-heading-title.elementor-size-large{font-size:29px}.elementor-widget-heading .elementor-heading-title.elementor-size-xl{font-size:39px}.elementor-widget-heading .elementor-heading-title.elementor-size-xxl{font-size:59px}<\/style><h2 class=\"elementor-heading-title elementor-size-medium\">Eddy Johana<br>Ascanio Guerero<\/h2>\t\t<\/div>\n\t\t\t\t<\/div>\n\t\t\t\t\t<\/div>\n\t\t<\/div>\n\t\t\t\t<div class=\"elementor-column elementor-col-33 elementor-top-column elementor-element elementor-element-206489f\" data-id=\"206489f\" data-element_type=\"column\">\n\t\t\t<div class=\"elementor-widget-wrap elementor-element-populated\">\n\t\t\t\t\t\t\t\t<div class=\"elementor-element elementor-element-5d0a4bd elementor-widget elementor-widget-heading\" data-id=\"5d0a4bd\" data-element_type=\"widget\" data-widget_type=\"heading.default\">\n\t\t\t\t<div class=\"elementor-widget-container\">\n\t\t\t<h2 class=\"elementor-heading-title elementor-size-medium\">Jorge Omar<br>G\u00e1mez Pacavita<\/h2>\t\t<\/div>\n\t\t\t\t<\/div>\n\t\t\t\t\t<\/div>\n\t\t<\/div>\n\t\t\t\t<div class=\"elementor-column elementor-col-33 elementor-top-column elementor-element elementor-element-260c660\" data-id=\"260c660\" data-element_type=\"column\">\n\t\t\t<div class=\"elementor-widget-wrap elementor-element-populated\">\n\t\t\t\t\t\t\t\t<div class=\"elementor-element elementor-element-88c2dc9 elementor-widget elementor-widget-heading\" data-id=\"88c2dc9\" data-element_type=\"widget\" data-widget_type=\"heading.default\">\n\t\t\t\t<div class=\"elementor-widget-container\">\n\t\t\t<h2 class=\"elementor-heading-title elementor-size-medium\">Jhony Orlando<br>Prieto Giraldo<\/h2>\t\t<\/div>\n\t\t\t\t<\/div>\n\t\t\t\t\t<\/div>\n\t\t<\/div>\n\t\t\t\t\t\t\t<\/div>\n\t\t<\/section>\n\t\t\t\t<section class=\"elementor-section elementor-top-section elementor-element elementor-element-ccb8697 elementor-section-boxed elementor-section-height-default elementor-section-height-default\" data-id=\"ccb8697\" data-element_type=\"section\">\n\t\t\t\t\t\t<div class=\"elementor-container elementor-column-gap-default\">\n\t\t\t\t\t<div class=\"elementor-column elementor-col-33 elementor-top-column elementor-element elementor-element-7d6c177\" data-id=\"7d6c177\" data-element_type=\"column\">\n\t\t\t<div class=\"elementor-widget-wrap elementor-element-populated\">\n\t\t\t\t\t\t\t\t<div class=\"elementor-element elementor-element-e0b6ac7 elementor-widget elementor-widget-heading\" data-id=\"e0b6ac7\" data-element_type=\"widget\" data-widget_type=\"heading.default\">\n\t\t\t\t<div class=\"elementor-widget-container\">\n\t\t\t<h2 class=\"elementor-heading-title elementor-size-small\">\u00c1rbitra C<\/h2>\t\t<\/div>\n\t\t\t\t<\/div>\n\t\t\t\t\t<\/div>\n\t\t<\/div>\n\t\t\t\t<div class=\"elementor-column elementor-col-33 elementor-top-column elementor-element elementor-element-c92cac0\" data-id=\"c92cac0\" data-element_type=\"column\">\n\t\t\t<div class=\"elementor-widget-wrap elementor-element-populated\">\n\t\t\t\t\t\t\t\t<div class=\"elementor-element elementor-element-f119ed6 elementor-widget elementor-widget-heading\" data-id=\"f119ed6\" data-element_type=\"widget\" data-widget_type=\"heading.default\">\n\t\t\t\t<div class=\"elementor-widget-container\">\n\t\t\t<h2 class=\"elementor-heading-title elementor-size-small\">\u00c1rbitro C<\/h2>\t\t<\/div>\n\t\t\t\t<\/div>\n\t\t\t\t\t<\/div>\n\t\t<\/div>\n\t\t\t\t<div class=\"elementor-column elementor-col-33 elementor-top-column elementor-element elementor-element-69da8fa\" data-id=\"69da8fa\" data-element_type=\"column\">\n\t\t\t<div class=\"elementor-widget-wrap elementor-element-populated\">\n\t\t\t\t\t\t\t\t<div class=\"elementor-element elementor-element-4452991 elementor-widget elementor-widget-heading\" data-id=\"4452991\" data-element_type=\"widget\" data-widget_type=\"heading.default\">\n\t\t\t\t<div class=\"elementor-widget-container\">\n\t\t\t<h2 class=\"elementor-heading-title elementor-size-small\">\u00c1rbitro C<\/h2>\t\t<\/div>\n\t\t\t\t<\/div>\n\t\t\t\t\t<\/div>\n\t\t<\/div>\n\t\t\t\t\t\t\t<\/div>\n\t\t<\/section>\n\t\t\t\t\t\t\t<\/div>\n\t\t","protected":false},"excerpt":{"rendered":"<p>Eddy JohanaAscanio Guerero Jorge OmarG\u00e1mez Pacavita Jhony OrlandoPrieto Giraldo \u00c1rbitra C \u00c1rbitro C \u00c1rbitro C<\/p>\n","protected":false},"author":1,"featured_media":0,"parent":0,"menu_order":0,"comment_status":"closed","ping_status":"closed","template":"","meta":{"om_disable_all_campaigns":false,"_mi_skip_tracking":false,"footnotes":"","_expiration-date-status":"","_expiration-date":0,"_expiration-date-type":"","_expiration-date-categories":[],"_expiration-date-options":[]},"class_list":["post-66","page","type-page","status-publish","hentry"],"aioseo_notices":[],"_links":{"self":[{"href":"https:\/\/coarnos.com\/index.php\/wp-json\/wp\/v2\/pages\/66","targetHints":{"allow":["GET"]}}],"collection":[{"href":"https:\/\/coarnos.com\/index.php\/wp-json\/wp\/v2\/pages"}],"about":[{"href":"https:\/\/coarnos.com\/index.php\/wp-json\/wp\/v2\/types\/page"}],"author":[{"embeddable":true,"href":"https:\/\/coarnos.com\/index.php\/wp-json\/wp\/v2\/users\/1"}],"replies":[{"embeddable":true,"href":"https:\/\/coarnos.com\/index.php\/wp-json\/wp\/v2\/comments?post=66"}],"version-history":[{"count":4,"href":"https:\/\/coarnos.com\/index.php\/wp-json\/wp\/v2\/pages\/66\/revisions"}],"predecessor-version":[{"id":383,"href":"https:\/\/coarnos.com\/index.php\/wp-json\/wp\/v2\/pages\/66\/revisions\/383"}],"wp:attachment":[{"href":"https:\/\/coarnos.com\/index.php\/wp-json\/wp\/v2\/media?parent=66"}],"curies":[{"name":"wp","href":"https:\/\/api.w.org\/{rel}","templated":true}]}}