{"id":872,"date":"2026-02-27T21:15:04","date_gmt":"2026-02-28T02:15:04","guid":{"rendered":"https:\/\/coarnos.com\/?page_id=872"},"modified":"2026-02-27T21:16:52","modified_gmt":"2026-02-28T02:16:52","slug":"practicas-de-campo","status":"publish","type":"page","link":"https:\/\/coarnos.com\/index.php\/practicas-de-campo\/","title":{"rendered":"Pr\u00e1cticas de Campo"},"content":{"rendered":"\n<blockquote class=\"wp-block-quote is-layout-flow wp-block-quote-is-layout-flow\">\n<p>En el mes de febrero realizamos ocho (8) pr\u00e1cticas de campo con retroalimientaci\u00f3n en campus. Permitiendo la mejora contin\u00faa de nuestros colegiados en cuanto a temas de posicionamiento y toma de decisiones.<\/p>\n<\/blockquote>\n\n\n\n<figure class=\"wp-block-pullquote\"><blockquote><p>Todas nuestras pr\u00e1cticas de campo contaron con jugadores y clubes de la Liga Nortesantandereana de F\u00fatbol y Selecciones Norte.<\/p><cite>\u00abAgradecemos a los deportistas y cuerpos tecnicos de cada uno de ellos\u00bb<\/cite><\/blockquote><\/figure>\n\n\n\n<p>Las pr\u00e1cticas de campo realizadas fueron las siguientes:<\/p>\n\n\n\n<div class=\"wp-block-media-text is-stacked-on-mobile\"><figure class=\"wp-block-media-text__media\"><img loading=\"lazy\" decoding=\"async\" width=\"1024\" height=\"624\" src=\"https:\/\/coarnos.com\/wp-content\/uploads\/2026\/02\/IMG_5755-scaled-e1772237024776-1024x624.jpg\" alt=\"\" class=\"wp-image-875 size-full\" srcset=\"https:\/\/coarnos.com\/wp-content\/uploads\/2026\/02\/IMG_5755-scaled-e1772237024776-1024x624.jpg 1024w, https:\/\/coarnos.com\/wp-content\/uploads\/2026\/02\/IMG_5755-scaled-e1772237024776-300x183.jpg 300w, https:\/\/coarnos.com\/wp-content\/uploads\/2026\/02\/IMG_5755-scaled-e1772237024776-768x468.jpg 768w, https:\/\/coarnos.com\/wp-content\/uploads\/2026\/02\/IMG_5755-scaled-e1772237024776-100x61.jpg 100w, https:\/\/coarnos.com\/wp-content\/uploads\/2026\/02\/IMG_5755-scaled-e1772237024776-1536x936.jpg 1536w, https:\/\/coarnos.com\/wp-content\/uploads\/2026\/02\/IMG_5755-scaled-e1772237024776-2048x1248.jpg 2048w\" sizes=\"auto, (max-width: 1024px) 100vw, 1024px\" \/><\/figure><div class=\"wp-block-media-text__content\">\n<p>Pr\u00e1ctica Martes 3 de Febrero. Hora: 7:00 am. <\/p>\n\n\n\n<p>Lugar: Cancha Chapinero.<\/p>\n\n\n\n<p>Arbitros FIFA, A, B y C.<\/p>\n<\/div><\/div>\n\n\n\n<hr class=\"wp-block-separator has-alpha-channel-opacity\"\/>\n\n\n\n<div class=\"wp-block-media-text is-stacked-on-mobile\"><figure class=\"wp-block-media-text__media\"><img loading=\"lazy\" decoding=\"async\" width=\"1024\" height=\"669\" src=\"https:\/\/coarnos.com\/wp-content\/uploads\/2026\/02\/WhatsApp-Image-2026-02-27-at-19.06.31-e1772237275225-1024x669.jpg\" alt=\"\" class=\"wp-image-876 size-full\" srcset=\"https:\/\/coarnos.com\/wp-content\/uploads\/2026\/02\/WhatsApp-Image-2026-02-27-at-19.06.31-e1772237275225-1024x669.jpg 1024w, https:\/\/coarnos.com\/wp-content\/uploads\/2026\/02\/WhatsApp-Image-2026-02-27-at-19.06.31-e1772237275225-300x196.jpg 300w, https:\/\/coarnos.com\/wp-content\/uploads\/2026\/02\/WhatsApp-Image-2026-02-27-at-19.06.31-e1772237275225-768x502.jpg 768w, https:\/\/coarnos.com\/wp-content\/uploads\/2026\/02\/WhatsApp-Image-2026-02-27-at-19.06.31-e1772237275225-100x65.jpg 100w, https:\/\/coarnos.com\/wp-content\/uploads\/2026\/02\/WhatsApp-Image-2026-02-27-at-19.06.31-e1772237275225.jpg 1267w\" sizes=\"auto, (max-width: 1024px) 100vw, 1024px\" \/><\/figure><div class=\"wp-block-media-text__content\">\n<p>Pr\u00e1ctica Jueves 5 de Febrero. Hora: 4:30 pm. <\/p>\n\n\n\n<p>Lugar: Cancha Vallesther.<\/p>\n\n\n\n<p>Arbitros FIFA, A, B y C.<\/p>\n<\/div><\/div>\n\n\n\n<hr class=\"wp-block-separator has-alpha-channel-opacity\"\/>\n\n\n\n<div class=\"wp-block-media-text is-stacked-on-mobile\"><figure class=\"wp-block-media-text__media\"><img loading=\"lazy\" decoding=\"async\" width=\"1024\" height=\"698\" src=\"https:\/\/coarnos.com\/wp-content\/uploads\/2026\/02\/WhatsApp-Image-2026-02-27-at-19.10.02-e1772237474481-1024x698.jpg\" alt=\"\" class=\"wp-image-877 size-full\" srcset=\"https:\/\/coarnos.com\/wp-content\/uploads\/2026\/02\/WhatsApp-Image-2026-02-27-at-19.10.02-e1772237474481-1024x698.jpg 1024w, https:\/\/coarnos.com\/wp-content\/uploads\/2026\/02\/WhatsApp-Image-2026-02-27-at-19.10.02-e1772237474481-300x204.jpg 300w, https:\/\/coarnos.com\/wp-content\/uploads\/2026\/02\/WhatsApp-Image-2026-02-27-at-19.10.02-e1772237474481-768x523.jpg 768w, https:\/\/coarnos.com\/wp-content\/uploads\/2026\/02\/WhatsApp-Image-2026-02-27-at-19.10.02-e1772237474481-100x68.jpg 100w, https:\/\/coarnos.com\/wp-content\/uploads\/2026\/02\/WhatsApp-Image-2026-02-27-at-19.10.02-e1772237474481-1536x1046.jpg 1536w, https:\/\/coarnos.com\/wp-content\/uploads\/2026\/02\/WhatsApp-Image-2026-02-27-at-19.10.02-e1772237474481.jpg 1600w\" sizes=\"auto, (max-width: 1024px) 100vw, 1024px\" \/><\/figure><div class=\"wp-block-media-text__content\">\n<p>Pr\u00e1ctica Martes 10 de Febrero. Hora: 6:30 am. <\/p>\n\n\n\n<p>Lugar: Cancha El Cuji.<\/p>\n\n\n\n<p>Arbitros FIFA, A, B y C.<\/p>\n<\/div><\/div>\n\n\n\n<hr class=\"wp-block-separator has-alpha-channel-opacity\"\/>\n\n\n\n<div class=\"wp-block-media-text is-stacked-on-mobile\"><figure class=\"wp-block-media-text__media\"><img loading=\"lazy\" decoding=\"async\" width=\"1024\" height=\"731\" src=\"https:\/\/coarnos.com\/wp-content\/uploads\/2026\/02\/WhatsApp-Image-2026-02-12-at-19.21.12-1-scaled-e1772236390276-1024x731.jpeg\" alt=\"\" class=\"wp-image-873 size-full\" srcset=\"https:\/\/coarnos.com\/wp-content\/uploads\/2026\/02\/WhatsApp-Image-2026-02-12-at-19.21.12-1-scaled-e1772236390276-1024x731.jpeg 1024w, https:\/\/coarnos.com\/wp-content\/uploads\/2026\/02\/WhatsApp-Image-2026-02-12-at-19.21.12-1-scaled-e1772236390276-300x214.jpeg 300w, https:\/\/coarnos.com\/wp-content\/uploads\/2026\/02\/WhatsApp-Image-2026-02-12-at-19.21.12-1-scaled-e1772236390276-768x548.jpeg 768w, https:\/\/coarnos.com\/wp-content\/uploads\/2026\/02\/WhatsApp-Image-2026-02-12-at-19.21.12-1-scaled-e1772236390276-100x71.jpeg 100w, https:\/\/coarnos.com\/wp-content\/uploads\/2026\/02\/WhatsApp-Image-2026-02-12-at-19.21.12-1-scaled-e1772236390276-1536x1096.jpeg 1536w, https:\/\/coarnos.com\/wp-content\/uploads\/2026\/02\/WhatsApp-Image-2026-02-12-at-19.21.12-1-scaled-e1772236390276-2048x1462.jpeg 2048w\" sizes=\"auto, (max-width: 1024px) 100vw, 1024px\" \/><\/figure><div class=\"wp-block-media-text__content\">\n<p>Pr\u00e1ctica Jueves 12 de Febrero. Hora: 4:00 pm. <\/p>\n\n\n\n<p>Lugar: Cancha Lomitas.<\/p>\n\n\n\n<p>Arbitros FIFA, A, B y C.<\/p>\n<\/div><\/div>\n\n\n\n<hr class=\"wp-block-separator has-alpha-channel-opacity\"\/>\n\n\n\n<div class=\"wp-block-media-text is-stacked-on-mobile\"><figure class=\"wp-block-media-text__media\"><img loading=\"lazy\" decoding=\"async\" width=\"902\" height=\"1024\" src=\"https:\/\/coarnos.com\/wp-content\/uploads\/2026\/02\/IMG_6148-2-scaled-e1772236727199-902x1024.jpeg\" alt=\"\" class=\"wp-image-874 size-full\" srcset=\"https:\/\/coarnos.com\/wp-content\/uploads\/2026\/02\/IMG_6148-2-scaled-e1772236727199-902x1024.jpeg 902w, https:\/\/coarnos.com\/wp-content\/uploads\/2026\/02\/IMG_6148-2-scaled-e1772236727199-264x300.jpeg 264w, https:\/\/coarnos.com\/wp-content\/uploads\/2026\/02\/IMG_6148-2-scaled-e1772236727199-768x872.jpeg 768w, https:\/\/coarnos.com\/wp-content\/uploads\/2026\/02\/IMG_6148-2-scaled-e1772236727199-88x100.jpeg 88w, https:\/\/coarnos.com\/wp-content\/uploads\/2026\/02\/IMG_6148-2-scaled-e1772236727199-1353x1536.jpeg 1353w, https:\/\/coarnos.com\/wp-content\/uploads\/2026\/02\/IMG_6148-2-scaled-e1772236727199-1804x2048.jpeg 1804w, https:\/\/coarnos.com\/wp-content\/uploads\/2026\/02\/IMG_6148-2-scaled-e1772236727199.jpeg 1920w\" sizes=\"auto, (max-width: 902px) 100vw, 902px\" \/><\/figure><div class=\"wp-block-media-text__content\">\n<p>Pr\u00e1ctica Martes 17 de Febrero. Hora: 6:30 am. <\/p>\n\n\n\n<p>Lugar: Cancha Chapinero.<\/p>\n\n\n\n<p>Arbitros FIFA, A, B y C.<\/p>\n<\/div><\/div>\n\n\n\n<hr class=\"wp-block-separator has-alpha-channel-opacity\"\/>\n\n\n\n<div class=\"wp-block-media-text is-stacked-on-mobile\"><figure class=\"wp-block-media-text__media\"><img loading=\"lazy\" decoding=\"async\" width=\"1024\" height=\"513\" src=\"https:\/\/coarnos.com\/wp-content\/uploads\/2026\/02\/WhatsApp-Image-2026-02-27-at-19.13.34-1024x513.jpeg\" alt=\"\" class=\"wp-image-878 size-full\" srcset=\"https:\/\/coarnos.com\/wp-content\/uploads\/2026\/02\/WhatsApp-Image-2026-02-27-at-19.13.34-1024x513.jpeg 1024w, https:\/\/coarnos.com\/wp-content\/uploads\/2026\/02\/WhatsApp-Image-2026-02-27-at-19.13.34-300x150.jpeg 300w, https:\/\/coarnos.com\/wp-content\/uploads\/2026\/02\/WhatsApp-Image-2026-02-27-at-19.13.34-768x385.jpeg 768w, https:\/\/coarnos.com\/wp-content\/uploads\/2026\/02\/WhatsApp-Image-2026-02-27-at-19.13.34-100x50.jpeg 100w, https:\/\/coarnos.com\/wp-content\/uploads\/2026\/02\/WhatsApp-Image-2026-02-27-at-19.13.34-1536x770.jpeg 1536w, https:\/\/coarnos.com\/wp-content\/uploads\/2026\/02\/WhatsApp-Image-2026-02-27-at-19.13.34-2048x1026.jpeg 2048w\" sizes=\"auto, (max-width: 1024px) 100vw, 1024px\" \/><\/figure><div class=\"wp-block-media-text__content\">\n<p>Pr\u00e1ctica Jueves 19 de Febrero. Hora: 4:00 pm. <\/p>\n\n\n\n<p>Lugar: Cancha Lomitas.<\/p>\n\n\n\n<p>Arbitros FIFA, A, B y C.<\/p>\n<\/div><\/div>\n\n\n\n<hr class=\"wp-block-separator has-alpha-channel-opacity\"\/>\n\n\n\n<div class=\"wp-block-media-text is-stacked-on-mobile\"><figure class=\"wp-block-media-text__media\"><img loading=\"lazy\" decoding=\"async\" width=\"1024\" height=\"768\" src=\"https:\/\/coarnos.com\/wp-content\/uploads\/2026\/02\/WhatsApp-Image-2026-02-27-at-19.13.46-1024x768.jpeg\" alt=\"\" class=\"wp-image-879 size-full\" srcset=\"https:\/\/coarnos.com\/wp-content\/uploads\/2026\/02\/WhatsApp-Image-2026-02-27-at-19.13.46-1024x768.jpeg 1024w, https:\/\/coarnos.com\/wp-content\/uploads\/2026\/02\/WhatsApp-Image-2026-02-27-at-19.13.46-300x225.jpeg 300w, https:\/\/coarnos.com\/wp-content\/uploads\/2026\/02\/WhatsApp-Image-2026-02-27-at-19.13.46-768x576.jpeg 768w, https:\/\/coarnos.com\/wp-content\/uploads\/2026\/02\/WhatsApp-Image-2026-02-27-at-19.13.46-100x75.jpeg 100w, https:\/\/coarnos.com\/wp-content\/uploads\/2026\/02\/WhatsApp-Image-2026-02-27-at-19.13.46-1536x1152.jpeg 1536w, https:\/\/coarnos.com\/wp-content\/uploads\/2026\/02\/WhatsApp-Image-2026-02-27-at-19.13.46-2048x1536.jpeg 2048w\" sizes=\"auto, (max-width: 1024px) 100vw, 1024px\" \/><\/figure><div class=\"wp-block-media-text__content\">\n<p>Pr\u00e1ctica Viernes 20 de Febrero. Hora: 1:30 pm. <\/p>\n\n\n\n<p>Lugar: Estadio Grancolombiano Villa del Rosario.<\/p>\n\n\n\n<p>Arbitros FIFA, A, B y C.<\/p>\n<\/div><\/div>\n\n\n\n<hr class=\"wp-block-separator has-alpha-channel-opacity\"\/>\n\n\n\n<div class=\"wp-block-media-text is-stacked-on-mobile\"><figure class=\"wp-block-media-text__media\"><img loading=\"lazy\" decoding=\"async\" width=\"1024\" height=\"622\" src=\"https:\/\/coarnos.com\/wp-content\/uploads\/2026\/02\/WhatsApp-Image-2026-02-27-at-19.00.48-scaled-e1772238170349-1024x622.jpg\" alt=\"\" class=\"wp-image-880 size-full\" srcset=\"https:\/\/coarnos.com\/wp-content\/uploads\/2026\/02\/WhatsApp-Image-2026-02-27-at-19.00.48-scaled-e1772238170349-1024x622.jpg 1024w, https:\/\/coarnos.com\/wp-content\/uploads\/2026\/02\/WhatsApp-Image-2026-02-27-at-19.00.48-scaled-e1772238170349-300x182.jpg 300w, https:\/\/coarnos.com\/wp-content\/uploads\/2026\/02\/WhatsApp-Image-2026-02-27-at-19.00.48-scaled-e1772238170349-768x466.jpg 768w, https:\/\/coarnos.com\/wp-content\/uploads\/2026\/02\/WhatsApp-Image-2026-02-27-at-19.00.48-scaled-e1772238170349-100x61.jpg 100w, https:\/\/coarnos.com\/wp-content\/uploads\/2026\/02\/WhatsApp-Image-2026-02-27-at-19.00.48-scaled-e1772238170349-1536x933.jpg 1536w, https:\/\/coarnos.com\/wp-content\/uploads\/2026\/02\/WhatsApp-Image-2026-02-27-at-19.00.48-scaled-e1772238170349-2048x1243.jpg 2048w\" sizes=\"auto, (max-width: 1024px) 100vw, 1024px\" \/><\/figure><div class=\"wp-block-media-text__content\">\n<p>Pr\u00e1ctica Viernes 27 de Febrero. Hora: 1:30 pm. <\/p>\n\n\n\n<p>Lugar: Estadio Grancolombiano Villa del Rosario.<\/p>\n\n\n\n<p>Arbitros FIFA, A, B y C.<\/p>\n<\/div><\/div>\n","protected":false},"excerpt":{"rendered":"<p>En el mes de febrero realizamos ocho (8) pr\u00e1cticas de campo con retroalimientaci\u00f3n en campus. Permitiendo la mejora contin\u00faa de&hellip;<\/p>\n","protected":false},"author":1,"featured_media":882,"parent":0,"menu_order":0,"comment_status":"closed","ping_status":"closed","template":"","meta":{"om_disable_all_campaigns":false,"_mi_skip_tracking":false,"footnotes":"","_expiration-date-status":"","_expiration-date":0,"_expiration-date-type":"","_expiration-date-categories":[],"_expiration-date-options":[]},"class_list":["post-872","page","type-page","status-publish","has-post-thumbnail","hentry"],"aioseo_notices":[],"_links":{"self":[{"href":"https:\/\/coarnos.com\/index.php\/wp-json\/wp\/v2\/pages\/872","targetHints":{"allow":["GET"]}}],"collection":[{"href":"https:\/\/coarnos.com\/index.php\/wp-json\/wp\/v2\/pages"}],"about":[{"href":"https:\/\/coarnos.com\/index.php\/wp-json\/wp\/v2\/types\/page"}],"author":[{"embeddable":true,"href":"https:\/\/coarnos.com\/index.php\/wp-json\/wp\/v2\/users\/1"}],"replies":[{"embeddable":true,"href":"https:\/\/coarnos.com\/index.php\/wp-json\/wp\/v2\/comments?post=872"}],"version-history":[{"count":2,"href":"https:\/\/coarnos.com\/index.php\/wp-json\/wp\/v2\/pages\/872\/revisions"}],"predecessor-version":[{"id":887,"href":"https:\/\/coarnos.com\/index.php\/wp-json\/wp\/v2\/pages\/872\/revisions\/887"}],"wp:featuredmedia":[{"embeddable":true,"href":"https:\/\/coarnos.com\/index.php\/wp-json\/wp\/v2\/media\/882"}],"wp:attachment":[{"href":"https:\/\/coarnos.com\/index.php\/wp-json\/wp\/v2\/media?parent=872"}],"curies":[{"name":"wp","href":"https:\/\/api.w.org\/{rel}","templated":true}]}}